{"id":249,"date":"2016-11-06T05:24:56","date_gmt":"2016-11-06T05:24:56","guid":{"rendered":"https:\/\/ninetheme.com\/themes\/landium\/?page_id=2"},"modified":"2025-10-14T19:33:51","modified_gmt":"2025-10-14T19:33:51","slug":"about","status":"publish","type":"page","link":"https:\/\/moovsoft.ca\/","title":{"rendered":"Accueil MoovSoft"},"content":{"rendered":"<p>[vc_row][vc_column]<a id=\"home\" class=\"ancor\"><\/a><div id=\"start-screen\" class=\"start-screen start-screen--static-bg start-screen--static-bg--style-1\"><div class=\"start-screen__static-bg parallax\" data-stellar-background-ratio=\"0.5\" data-stellar-vertical-offset=\"300\" data-stellar-offset-parent=\"true\" style=\"background-image: url(https:\/\/moovsoft.ca\/wp-content\/uploads\/2021\/05\/Truck-Driver-Banner-MoovSoft-e1622138024122.jpg)\"><div class=\"pattern\" style=\"background-color:rgba(0,0,0,0.46)\"><\/div><\/div><div class=\"start-screen__content-container\"><div class=\"start-screen__content\"><div class=\"v-align\"><div class=\"v-bottom\"><div class=\"container\"><div class=\"row\"><div class=\"col-xs-12 col-sm-7\"><h1 class=\"title\" style=\" font-size:56px!important; color:#ffffff!important; padding-top:50px;\">Le logiciel TMS complet et abordable que vous attendiez.<\/h1><p class=\"hero-desc\" style=\" font-size:20px!important;\">Avec MoovSoft, g\u00e9rer votre entreprise de transport en toute simplicit\u00e9 et en mobilit\u00e9, sans vider les coffres, devient enfin possible!<\/p><p class=\"hero-btn\"><a href=\"#video\" class=\"start-screen__btn\" style=\" color:#ffffff!important; background-color:#ef5b2a!important;\">D\u00c9COUVREZ MOOVSOFT<\/a><\/p><\/div><div class=\"col-xs-12 col-sm-5 col-md-4 col-md-offset-1\"><div class=\"hero-form\"><div class=\"text\"><h4 class=\"heading\">Demandez une d\u00e9monstration!<\/h4><p class=\"form-desc\">Nos sp\u00e9cialistes se feront un plaisir de vous contacter afin de survoler MoovSoft avec vous!<\/p><\/div><div role=\"form\" class=\"wpcf7\" id=\"wpcf7-f291-o1\" lang=\"en\" dir=\"ltr\">\n<div class=\"screen-reader-response\"><p role=\"status\" aria-live=\"polite\" aria-atomic=\"true\"><\/p> <ul><\/ul><\/div>\n<form action=\"\/index.php\/wp-json\/wp\/v2\/pages\/249#wpcf7-f291-o1\" method=\"post\" class=\"wpcf7-form init\" novalidate=\"novalidate\" data-status=\"init\">\n<div style=\"display: none;\">\n<input type=\"hidden\" name=\"_wpcf7\" value=\"291\" \/>\n<input type=\"hidden\" name=\"_wpcf7_version\" value=\"5.4\" \/>\n<input type=\"hidden\" name=\"_wpcf7_locale\" value=\"en\" \/>\n<input type=\"hidden\" name=\"_wpcf7_unit_tag\" value=\"wpcf7-f291-o1\" \/>\n<input type=\"hidden\" name=\"_wpcf7_container_post\" value=\"0\" \/>\n<input type=\"hidden\" name=\"_wpcf7_posted_data_hash\" value=\"\" \/>\n<\/div>\n<p><label class=\"input-wrp\"><span class=\"wpcf7-form-control-wrap text-206\"><input type=\"text\" name=\"text-206\" value=\"\" size=\"40\" class=\"wpcf7-form-control wpcf7-text wpcf7-validates-as-required\" aria-required=\"true\" aria-invalid=\"false\" placeholder=\"Entreprise\" \/><\/span><i class=\"fontello-user\"><\/i><\/label><br \/>\n<label class=\"input-wrp\"><span class=\"wpcf7-form-control-wrap text-209\"><input type=\"text\" name=\"text-209\" value=\"\" size=\"40\" class=\"wpcf7-form-control wpcf7-text wpcf7-validates-as-required\" aria-required=\"true\" aria-invalid=\"false\" placeholder=\"Contact\" \/><\/span><i class=\"fontello-user\"><\/i><\/label><br \/>\n<label class=\"input-wrp\"><span class=\"wpcf7-form-control-wrap text-207\"><input type=\"text\" name=\"text-207\" value=\"\" size=\"40\" class=\"wpcf7-form-control wpcf7-text wpcf7-validates-as-required\" aria-required=\"true\" aria-invalid=\"false\" placeholder=\"Courriel\" \/><\/span><i class=\"fontello-mail\"><\/i><\/label><\/p>\n<h3 class=\"note\">Retour rapide pour un  rendez-vous, c'est garanti!<\/h3>\n<div class=\"btn-wrp\"><input type=\"submit\" value=\"Envoyer\" class=\"wpcf7-form-control wpcf7-submit submit-btn\" \/><\/div>\n<div class=\"wpcf7-response-output\" aria-hidden=\"true\"><\/div><\/form><\/div><\/div><\/div><\/div><\/div><\/div><\/div><\/div><\/div><\/div>[\/vc_column][\/vc_row][vc_row][vc_column]<!-- start section --><a id=\"video\" class=\"ancor\"><\/a><section class=\"section section--video\"><div class=\"container\"><div class=\"b-video b-video--boxed\" style=\"background-image: url(https:\/\/moovsoft.ca\/wp-content\/uploads\/2021\/05\/MoovSoft-TMS-3shot.jpg)\"><div class=\"pattern\" style=\"opacity: 0.38;\"><\/div><div class=\"b-video__inner\"><a class=\"b-video__btn-play circled\" data-izimodal-open=\".izimodal_69e5e25b26a4a\"><i><\/i><\/a><div class=\"section-heading section-heading--center section-heading--white\"><h2 class=\"title\">Survol vid\u00e9o<\/h2><p class=\"sec-desc\">Prenez une minute pour comprendre combien d'heures MoovSoft peut vous \u00e9pargner au quotidien.<\/p><\/div><div class=\"izimodal izimodal_69e5e25b26a4a\" data-iziModal-width=\"800px\" data-iziModal-fullscreen=\"true\"><iframe height=\"415\" src=\"https:\/\/www.youtube.com\/embed\/bedOIhJWHMg\" class=\"full-width\"><\/iframe><\/div><\/div><\/div><\/div><\/section><!-- end section -->[\/vc_column][\/vc_row][vc_row][vc_column]<!-- start section --><a id=\"services\" class=\"ancor\"><\/a><section class=\"section\"><div class=\"container\"><div class=\"section-heading section-heading--center\"><h2 class=\"title h1\">Avantages &amp; fonctionnalit\u00e9s<\/h2><p class=\"sec-desc\">MoovSoft offre une solution adapt\u00e9e aux demandes des petites et moyennes entreprises de transport qui r\u00e9ponds \u00e0 l'ensemble de leur besoins en gestion, en r\u00e9partition, en facturation et plus encore!<\/p><\/div><div class=\"list-with-icon list-with-icon--style-1\"><div class=\"list__inner\"><div class=\"row\"><!-- start item --><div class=\"col-xs-12 col-md-4\"><div class=\"list__item\"><img class=\"list__item__ico img-responsive\" src=\"https:\/\/moovsoft.ca\/wp-content\/uploads\/2021\/05\/Icon-money.png\" alt=\"img-icon\" \/><h3 class=\"list__item__title\">Abordable \u00e0 implanter<\/h3><p class=\"list-desc\">MoovSoft est aussi simple qu'abordable \u00e0 implanter dans votre entreprise de transport. Vous pourriez commencer \u00e0 gagner du temps en moins d'un mois.<\/p><\/div><\/div><!-- end item --><!-- start item --><div class=\"col-xs-12 col-md-4\"><div class=\"list__item\"><img class=\"list__item__ico img-responsive\" src=\"https:\/\/moovsoft.ca\/wp-content\/uploads\/2021\/05\/icon-facile-moovsoftt.png\" alt=\"img-icon\" \/><h3 class=\"list__item__title\">Facile \u00e0 utiliser<\/h3><p class=\"list-desc\">MoovSoft est simple \u00e0 utiliser pour les employ\u00e9s de votre entreprise, du dispatch au chauffeur, en passant par la comptabilit\u00e9 et l'administration<\/p><\/div><\/div><!-- end item --><!-- start item --><div class=\"col-xs-12 col-md-4\"><div class=\"list__item\"><img class=\"list__item__ico img-responsive\" src=\"https:\/\/moovsoft.ca\/wp-content\/uploads\/2021\/05\/Icon-Integration-Moovsoft.png\" alt=\"img-icon\" \/><h3 class=\"list__item__title\">Compatible avec vos outils<\/h3><p class=\"list-desc\">MoovSoft est connect\u00e9 avec les outils les plus populaires du march\u00e9 pour une int\u00e9gration totale de vos solutions de g\u00e9olocalisation et de comptabilit\u00e9.<\/p><\/div><\/div><!-- end item --><!-- start item --><div class=\"col-xs-12 col-md-4\"><div class=\"list__item\"><img class=\"list__item__ico img-responsive\" src=\"https:\/\/moovsoft.ca\/wp-content\/uploads\/2021\/05\/Icon-MoovSoft-Compatible.png\" alt=\"img-icon\" \/><h3 class=\"list__item__title\">Solution flexible<\/h3><p class=\"list-desc\">Enfin, une solution informatique sp\u00e9cifique \u00e0 votre industrie qui a assez de flexibilit\u00e9 pour s'adapter aux besoins de votre entreprise de transport!<\/p><\/div><\/div><!-- end item --><!-- start item --><div class=\"col-xs-12 col-md-4\"><div class=\"list__item\"><img class=\"list__item__ico img-responsive\" src=\"https:\/\/moovsoft.ca\/wp-content\/uploads\/2021\/05\/Icon-MoovSoft-intranet.png\" alt=\"img-icon\" \/><h3 class=\"list__item__title\">G\u00e9nial pour vos clients<\/h3><p class=\"list-desc\">Avec MoovSoft, offrez un portail en ligne professionnel pour VOS clients afin de faciliter la prise de commande et le suivi efficace de bout en bout.<\/p><\/div><\/div><!-- end item --><!-- start item --><div class=\"col-xs-12 col-md-4\"><div class=\"list__item\"><img class=\"list__item__ico img-responsive\" src=\"https:\/\/moovsoft.ca\/wp-content\/uploads\/2021\/05\/Icon-MoovSoft-Support.png\" alt=\"img-icon\" \/><h3 class=\"list__item__title\">Support 24\/7<\/h3><p class=\"list-desc\">Notre \u00e9quipe de support est bilingue et disponible 24\/7 pour vous r\u00e9pondre. Selon nos clients, notre r\u00e9activit\u00e9 est une de nos plus grande force.<\/p><\/div><\/div><!-- end item --><\/div><\/div><\/div><\/div><\/section><!-- end section -->[\/vc_column][\/vc_row][vc_row][vc_column]<!-- start section --><a id=\"about\" class=\"ancor\"><\/a><section class=\"section section-about section-about--style-1 section--background-base\"><div class=\"container-fluid\"><div class=\"section-heading section-heading--center section-heading--white  hidden-md hidden-lg\"><h2 class=\"title h1\">MoovSoft, c'est quoi?<\/h2><p class=\"sec-desc\"><strong>Prenez les reines de votre entreprise de transport gr\u00e2ce \u00e0 un logiciel simple \u00e0 utiliser sur tous vos appareils et efficace pour votre PME.<\/strong><\/p><\/div><div class=\"row\"><div class=\"col-xs-12 col-md-6\"><div class=\"img-place\"><img class=\"center-block\" src=\"https:\/\/moovsoft.ca\/wp-content\/uploads\/2021\/05\/MoovSoft-3shot-Mockup.png\" alt=\"demo\" \/><\/div><\/div><\/div><\/div><div class=\"container\"><div class=\"row\"><div class=\"col-xs-12 col-md-6 col-md-offset-6\"><div class=\"col-md-MB-30\"><div class=\"section-heading section-heading--left section-heading--white  visible-md visible-lg\"><h2 class=\"title h1\">MoovSoft, c'est quoi?<\/h2><p class=\"sec-desc\"><strong>Prenez les reines de votre entreprise de transport gr\u00e2ce \u00e0 un logiciel simple \u00e0 utiliser sur tous vos appareils et efficace pour votre PME.<\/strong><\/p><\/div><\/div><p class=\"\">MoovSoft est un logiciel bas\u00e9 sur le Cloud (accessible sur Internet) qui a \u00e9t\u00e9 d\u00e9velopp\u00e9 par une entreprise qu\u00e9b\u00e9coise sp\u00e9cialis\u00e9e dans l'optimisation des op\u00e9rations de remorquage et transport depuis 2014, TowSoft.\nMoovSoft est notre produit sp\u00e9cialement con\u00e7ue pour les besoins des PME en transport qui souhaitent faire mieux dans la gestion de leurs op\u00e9rations sans que cela devienne trop compliquer ou trop couteux \u00e0 mettre en place ou \u00e0 comprendre. Cette r\u00e9alit\u00e9, faites-nous confiance, on la comprends.<\/p><p class=\"sec-btn\"><a href=\"#home\" class=\"custom-btn light inverted\">PARLER AVEC UN CONSEILLER MOOVSOFT<\/a><\/p><\/div><\/div><\/div><\/section><!-- end section -->[\/vc_column][\/vc_row][vc_row][vc_column]<!-- start section --><a id=\"pricing\" class=\"ancor\"><\/a><section class=\"section\"><div class=\"container\"><div class=\"section-heading section-heading--center\"><h2 class=\"title h1\">Tarifs &amp; forfaits<\/h2><p class=\"sec-desc\">Nos solutions et nos tarifs sont adapt\u00e9es sp\u00e9cifiquement pour les PME en transport.<\/p><\/div><div class=\"pricing-table pricing-table--style-1\"><div class=\"pricing__inner\"><div class=\"row\"><!-- start item --><div class=\"col-xs-12 col-sm-6 col-md-3 col-md-offset-0\"><div class=\"price-item price-item__red price-item__normal center-block\"><div class=\"price-item__price\" data-before=\"$\">299<sup>00<\/sup><span>par mois<\/span>\n\t\t\t\t\t\t\t\t\t\t\t<\/div><h3 class=\"price-item__title\">MoovBase<\/h3><ul class=\"price-item__list\"><li>1 \u00e0 10 utilisateurs<\/li><li>Module de r\u00e9partition<\/li><li>Appli Mobile \/ Photos \/ Signature<\/li><li>Facturation automatis\u00e9e<\/li><li>Int\u00e9gration logiciel comptable<\/li><li>Rapports simples<\/li><li>Messagerie instantan\u00e9e<\/li><li>Support heures ouvrables<\/li><\/ul><a href=\"#top\" target=\"_top\" class=\"price-item__btn\">DEMANDER UNE D\u00c9MO<\/a><span class=\"price-item__bg\"><\/span><\/div><\/div><!-- end item --><!-- start item --><div class=\"col-xs-12 col-sm-6 col-md-3 col-md-offset-0\"><div class=\"price-item price-item__red price-item__active center-block\"><div class=\"price-item__label\">FAVORI<\/div><div class=\"price-item__price\" data-before=\"$\">399<sup>00<\/sup><span>par mois<\/span>\n\t\t\t\t\t\t\t\t\t\t\t<\/div><h3 class=\"price-item__title\">MoovBase +<\/h3><ul class=\"price-item__list\"><li>Utilisateurs illimit\u00e9s<\/li><li>Module de r\u00e9partition<\/li><li>Appli Mobile \/ Photos \/ Signature<\/li><li>Facturation automatis\u00e9e<\/li><li>Int\u00e9gration logiciel comptable<\/li><li>Rapports simples<\/li><li>Messagerie instantan\u00e9e<\/li><li>Portail de commandes clients<\/li><li>Support heures ouvrables<\/li><\/ul><a href=\"#top\" target=\"_top\" class=\"price-item__btn\">DEMANDER UNE D\u00c9MO<\/a><span class=\"price-item__bg\"><\/span><\/div><\/div><!-- end item --><!-- start item --><div class=\"col-xs-12 col-sm-6 col-md-3 col-md-offset-0\"><div class=\"price-item price-item__red price-item__normal center-block\"><div class=\"price-item__price\" data-before=\"$\">499<sup>00<\/sup><span>par mois<\/span>\n\t\t\t\t\t\t\t\t\t\t\t<\/div><h3 class=\"price-item__title\">MoovPro<\/h3><ul class=\"price-item__list\"><li>1 \u00e0 15 utilisateurs<\/li><li>Module de r\u00e9partition<\/li><li>Appli Mobile \/ Photos \/ Signature<\/li><li>Facturation automatis\u00e9e<\/li><li>Int\u00e9gration logiciel comptable<\/li><li>Rapports avanc\u00e9s<\/li><li>Tableaux de bords<\/li><li>Gestion flotte et maintenance<\/li><li>Gestion RH et commissions<\/li><li>Messagerie instantan\u00e9e<\/li><li>Support 24\/7<\/li><\/ul><a href=\"#top\" target=\"_top\" class=\"price-item__btn\">DEMANDER UNE D\u00c9MO<\/a><span class=\"price-item__bg\"><\/span><\/div><\/div><!-- end item --><!-- start item --><div class=\"col-xs-12 col-sm-6 col-md-3 col-md-offset-0\"><div class=\"price-item price-item__red price-item__normal center-block\"><div class=\"price-item__price\" data-before=\"$\">699<sup>00<\/sup><span>par mois<\/span>\n\t\t\t\t\t\t\t\t\t\t\t<\/div><h3 class=\"price-item__title\">MoovPro +<\/h3><ul class=\"price-item__list\"><li>Utilisateurs illimit\u00e9s<\/li><li>Module de r\u00e9partition<\/li><li>Appli Mobile \/ Photos \/ Signature<\/li><li>Facturation automatis\u00e9e<\/li><li>Int\u00e9gration logiciel comptable<\/li><li>Rapports avanc\u00e9s<\/li><li>Tableaux de bords<\/li><li>Gestion flotte et maintenance<\/li><li>Gestion RH et commissions<\/li><li>Messagerie instantan\u00e9e<\/li><li>Portail de commandes clients<\/li><li>Support 24\/7<\/li><\/ul><a href=\"#top\" target=\"_top\" class=\"price-item__btn\">DEMANDER D\u00c9MO<\/a><span class=\"price-item__bg\"><\/span><\/div><\/div><!-- end item --><\/div><\/div><\/div><\/div><\/section><!-- end section -->[\/vc_column][\/vc_row][vc_row][vc_column]<!-- start section --><a id=\"testimonial\" class=\"ancor\"><\/a><section class=\"section section--background-base-light\"><div class=\"container\"><div class=\"section-heading section-heading--center\"><h2 class=\"title h1\">Des clients satisfaits<\/h2><p class=\"sec-desc\">Nos clients sont de loin nos meilleurs ambassadeurs et leur satisfaction demeurera toujours notre plus grande fiert\u00e9.<\/p><\/div><div class=\"feedback feedback--slider feedback--style-1 feedback-slider--style-1\"><div class=\"feedback__inner owl-carousel owl-theme\"><!-- start item --><article class=\"feedback__item\"><div class=\"feedback__text\"><p>Nous voulions un outil flexible et puissant pour r\u00e9pondre autant \u00e0 notre besoin actuel qu'\u00e0 nos besoins futurs. MoovSoft r\u00e9pond amplement \u00e0 nos attentes! L'application est efficace, simple d'utilisation et nous avons pu l'adapter \u00e0 nos besoins. L'\u00e9quipe chez MoovSoft a su analyser nos besoins et y r\u00e9pondre avec brio. Ils sont \u00e0 l'\u00e9coute et tr\u00e8s r\u00e9actifs \u00e0 nos demandes. L'impl\u00e9mentation ainsi que la formation a \u00e9t\u00e9 tr\u00e8s rapide afin que nous puissions profiter du logiciel rapidement!<\/p><\/div><div class=\"feedback__author\"><img class=\"circled\" src=\"https:\/\/moovsoft.ca\/wp-content\/uploads\/2021\/05\/Interca-MoovSoft.png\" height=\"75\" width=\"75\" alt=\"demo\" \/><h3 class=\"name\">St\u00e9phane Martel<\/h3><h5 class=\"position\">Directeur T.I.<\/h5><\/div><\/article><!-- end item --><!-- start item --><article class=\"feedback__item\"><div class=\"feedback__text\"><p>Pour nous, la fiabilit\u00e9 des syst\u00e8mes informatiques que nous avons et la qualit\u00e9 de ceux-ci sont des \u00e9l\u00e9ments cruciaux. Pour notre logistique des transports, nous cherchions une solution fiable, ergonomique flexible et surtout avec une \u00e9quipe de soutien disponible. C\u2019est que nous avons trouv\u00e9 dans la solution Qu\u00e9b\u00e9coise MoovSoft.<\/p><\/div><div class=\"feedback__author\"><img class=\"circled\" src=\"https:\/\/moovsoft.ca\/wp-content\/uploads\/2021\/05\/Logo-Groupe-CODERR.png\" height=\"75\" width=\"75\" alt=\"demo\" \/><h3 class=\"name\">Samuel Bergeron<\/h3><h5 class=\"position\">Superviseur logistique<\/h5><\/div><\/article><!-- end item --><!-- start item --><article class=\"feedback__item\"><div class=\"feedback__text\"><p>MoovSoft nous fait gagner beaucoup de temps pour la gestion de l'entreprise, la planification des d\u00e9placements, le suivi des op\u00e9rations et la facturation. C'est vraiment un outil de travail efficace et facile \u00e0 utiliser, que ce soit au bureau ou m\u00eame en d\u00e9placement, on demeure toujours connect\u00e9 sur l'entreprise en temps r\u00e9el! L'\u00e9quipe de MoovSoft nous a form\u00e9 sur place et nous offre un service de support continu afin de ma\u00eetriser le logiciel et d'en profiter pleinement.<\/p><\/div><div class=\"feedback__author\"><img class=\"circled\" src=\"https:\/\/moovsoft.ca\/wp-content\/uploads\/2021\/05\/GVE-MoovSoft-Temoignage.png\" height=\"75\" width=\"75\" alt=\"demo\" \/><h3 class=\"name\">David Rousseau<\/h3><h5 class=\"position\">Pr\u00e9sident<\/h5><\/div><\/article><!-- end item --><!-- start item --><article class=\"feedback__item\"><div class=\"feedback__text\"><p>MoovSoft nous permet de g\u00e9rer plus facilement nos op\u00e9rations et de le faire pratiquement en temps r\u00e9el.<\/p><\/div><div class=\"feedback__author\"><img class=\"circled\" src=\"https:\/\/moovsoft.ca\/wp-content\/uploads\/2021\/05\/MoovSoft-Client-Robert.png\" height=\"75\" width=\"75\" alt=\"demo\" \/><h3 class=\"name\">Martine Langelier<\/h3><h5 class=\"position\">Principale dirigeante<\/h5><\/div><\/article><!-- end item --><\/div><\/div><\/div><\/section><!-- end section -->[\/vc_column][\/vc_row][vc_row][vc_column]<!-- start section --><div id=\"clients\" class=\"section\"><div class=\"container\"><div class=\"partners-list\"><div class=\"partners-list__inner\"><span class=\"partners-list__item\"><img src=\"https:\/\/moovsoft.ca\/wp-content\/uploads\/2021\/05\/MoovSoft-Partner-Attrix-e1620833453372.png\" alt=\"demo\" \/><\/span><span class=\"partners-list__item\"><img src=\"https:\/\/moovsoft.ca\/wp-content\/uploads\/2021\/05\/MoovSoft-GT-e1620834407262.png\" alt=\"demo\" \/><\/span><span class=\"partners-list__item\"><img src=\"https:\/\/moovsoft.ca\/wp-content\/uploads\/2021\/05\/MoovSoft-SAG-e1620833559586.png\" alt=\"demo\" \/><\/span><span class=\"partners-list__item\"><img src=\"https:\/\/moovsoft.ca\/wp-content\/uploads\/2021\/05\/MoovSoft-QB-e1620833790947.png\" alt=\"demo\" \/><\/span><span class=\"partners-list__item\"><img src=\"https:\/\/moovsoft.ca\/wp-content\/uploads\/2021\/05\/MoovSoft-FComp-e1620834285676.png\" alt=\"demo\" \/><\/span><span class=\"partners-list__item\"><img src=\"https:\/\/moovsoft.ca\/wp-content\/uploads\/2021\/05\/MoovSoft-ACOMB-e1620833658473.png\" alt=\"demo\" \/><\/span><span class=\"partners-list__item\"><img src=\"https:\/\/moovsoft.ca\/wp-content\/uploads\/2021\/05\/MoovSoft-Focus.png\" alt=\"demo\" \/><\/span><span class=\"partners-list__item\"><img src=\"https:\/\/moovsoft.ca\/wp-content\/uploads\/2021\/05\/MoovSoft-Astus.png\" alt=\"demo\" \/><\/span><\/div><\/div><\/div><\/div><!-- end section -->[\/vc_column][\/vc_row]<\/p>\n","protected":false},"excerpt":{"rendered":"<p>[vc_row][vc_column][\/vc_column][\/vc_row][vc_row][vc_column][\/vc_column][\/vc_row][vc_row][vc_column][\/vc_column][\/vc_row][vc_row][vc_column][\/vc_column][\/vc_row][vc_row][vc_column][\/vc_column][\/vc_row][vc_row][vc_column][\/vc_column][\/vc_row][vc_row][vc_column][\/vc_column][\/vc_row]<\/p>\n","protected":false},"author":1,"featured_media":0,"parent":0,"menu_order":11,"comment_status":"open","ping_status":"open","template":"one-page-template.php","meta":[],"_links":{"self":[{"href":"https:\/\/moovsoft.ca\/index.php\/wp-json\/wp\/v2\/pages\/249"}],"collection":[{"href":"https:\/\/moovsoft.ca\/index.php\/wp-json\/wp\/v2\/pages"}],"about":[{"href":"https:\/\/moovsoft.ca\/index.php\/wp-json\/wp\/v2\/types\/page"}],"author":[{"embeddable":true,"href":"https:\/\/moovsoft.ca\/index.php\/wp-json\/wp\/v2\/users\/1"}],"replies":[{"embeddable":true,"href":"https:\/\/moovsoft.ca\/index.php\/wp-json\/wp\/v2\/comments?post=249"}],"version-history":[{"count":108,"href":"https:\/\/moovsoft.ca\/index.php\/wp-json\/wp\/v2\/pages\/249\/revisions"}],"predecessor-version":[{"id":471,"href":"https:\/\/moovsoft.ca\/index.php\/wp-json\/wp\/v2\/pages\/249\/revisions\/471"}],"wp:attachment":[{"href":"https:\/\/moovsoft.ca\/index.php\/wp-json\/wp\/v2\/media?parent=249"}],"curies":[{"name":"wp","href":"https:\/\/api.w.org\/{rel}","templated":true}]}}